{"id":13017,"date":"2024-05-17T09:52:17","date_gmt":"2024-05-17T07:52:17","guid":{"rendered":"https:\/\/navigobyy.com\/?post_type=product&#038;p=13017"},"modified":"2026-01-28T15:59:36","modified_gmt":"2026-01-28T13:59:36","slug":"white-eagle-eagle-one-new","status":"publish","type":"product","link":"https:\/\/navigobyy.com\/en\/product\/white-eagle-eagle-one-new\/","title":{"rendered":"White Eagle Eagle One"},"content":{"rendered":"<h1>EAGLE ONE \u2013 6.3 m Cuddy Cabin with Mercury F80 engine, SIMRAD chartplotter, FUSION audio, sleeping for 2\u20133, and premium tech gear. Ready for cruising.<\/h1>\n<h2>Recreational motor yacht with a planing hull, ideal for 2 adults and a child. Equipped with a Mercury F80 outboard, SIMRAD GPS, FUSION audio with DVD and USB ports, refrigerator, and extensive battery management system. Perfect for weekend getaways and coastal fun.<\/h2>\n<div class=\"su-custom-gallery su-custom-gallery-align-left su-custom-gallery-title-never su-lightbox-gallery\"><div class=\"su-custom-gallery-slide\" style=\"width:90px;height:90px\"><a href=\"https:\/\/navigobyy.com\/wp-content\/uploads\/2019\/01\/lodz-motorowa-luksusowa-motorowka-unbekannt-424685-eagle-on-1-1-133828.jpg\" title=\"lodz-motorowa-luksusowa-motorowka-unbekannt-424685-eagle-on-1-1-133828\"><img loading=\"lazy\" decoding=\"async\" src=\"https:\/\/navigobyy.com\/wp-content\/uploads\/2019\/01\/lodz-motorowa-luksusowa-motorowka-unbekannt-424685-eagle-on-1-1-133828-90x90.jpg\" alt=\"lodz-motorowa-luksusowa-motorowka-unbekannt-424685-eagle-on-1-1-133828\" width=\"90\" height=\"90\" title=\"\"><span class=\"su-custom-gallery-title\">lodz-motorowa-luksusowa-motorowka-unbekannt-424685-eagle-on-1-1-133828<\/span><\/a><\/div><div class=\"su-custom-gallery-slide\" style=\"width:90px;height:90px\"><a href=\"https:\/\/navigobyy.com\/wp-content\/uploads\/2019\/01\/lodz-motorowa-luksusowa-motorowka-unbekannt-424685-eagle-on-7-7-134344.jpg\" title=\"lodz-motorowa-luksusowa-motorowka-unbekannt-424685-eagle-on-7-7-134344\"><img loading=\"lazy\" decoding=\"async\" src=\"https:\/\/navigobyy.com\/wp-content\/uploads\/2019\/01\/lodz-motorowa-luksusowa-motorowka-unbekannt-424685-eagle-on-7-7-134344-90x90.jpg\" alt=\"lodz-motorowa-luksusowa-motorowka-unbekannt-424685-eagle-on-7-7-134344\" width=\"90\" height=\"90\" title=\"\"><span class=\"su-custom-gallery-title\">lodz-motorowa-luksusowa-motorowka-unbekannt-424685-eagle-on-7-7-134344<\/span><\/a><\/div><div class=\"su-custom-gallery-slide\" style=\"width:90px;height:90px\"><a href=\"https:\/\/navigobyy.com\/wp-content\/uploads\/2019\/01\/lodz-motorowa-luksusowa-motorowka-unbekannt-424685-eagle-on-5-5-134310.jpg\" title=\"lodz-motorowa-luksusowa-motorowka-unbekannt-424685-eagle-on-5-5-134310\"><img loading=\"lazy\" decoding=\"async\" src=\"https:\/\/navigobyy.com\/wp-content\/uploads\/2019\/01\/lodz-motorowa-luksusowa-motorowka-unbekannt-424685-eagle-on-5-5-134310-90x90.jpg\" alt=\"lodz-motorowa-luksusowa-motorowka-unbekannt-424685-eagle-on-5-5-134310\" width=\"90\" height=\"90\" title=\"\"><span class=\"su-custom-gallery-title\">lodz-motorowa-luksusowa-motorowka-unbekannt-424685-eagle-on-5-5-134310<\/span><\/a><\/div><div class=\"su-custom-gallery-slide\" style=\"width:90px;height:90px\"><a href=\"https:\/\/navigobyy.com\/wp-content\/uploads\/2019\/01\/lodz-motorowa-luksusowa-motorowka-unbekannt-424685-eagle-on-4-4-134239.jpg\" title=\"lodz-motorowa-luksusowa-motorowka-unbekannt-424685-eagle-on-4-4-134239\"><img loading=\"lazy\" decoding=\"async\" src=\"https:\/\/navigobyy.com\/wp-content\/uploads\/2019\/01\/lodz-motorowa-luksusowa-motorowka-unbekannt-424685-eagle-on-4-4-134239-90x90.jpg\" alt=\"lodz-motorowa-luksusowa-motorowka-unbekannt-424685-eagle-on-4-4-134239\" width=\"90\" height=\"90\" title=\"\"><span class=\"su-custom-gallery-title\">lodz-motorowa-luksusowa-motorowka-unbekannt-424685-eagle-on-4-4-134239<\/span><\/a><\/div><div class=\"su-custom-gallery-slide\" style=\"width:90px;height:90px\"><a href=\"https:\/\/navigobyy.com\/wp-content\/uploads\/2019\/01\/lodz-motorowa-luksusowa-motorowka-unbekannt-424685-eagle-on-3-3-134212.jpg\" title=\"lodz-motorowa-luksusowa-motorowka-unbekannt-424685-eagle-on-3-3-134212\"><img loading=\"lazy\" decoding=\"async\" src=\"https:\/\/navigobyy.com\/wp-content\/uploads\/2019\/01\/lodz-motorowa-luksusowa-motorowka-unbekannt-424685-eagle-on-3-3-134212-90x90.jpg\" alt=\"lodz-motorowa-luksusowa-motorowka-unbekannt-424685-eagle-on-3-3-134212\" width=\"90\" height=\"90\" title=\"\"><span class=\"su-custom-gallery-title\">lodz-motorowa-luksusowa-motorowka-unbekannt-424685-eagle-on-3-3-134212<\/span><\/a><\/div><div class=\"su-custom-gallery-slide\" style=\"width:90px;height:90px\"><a href=\"https:\/\/navigobyy.com\/wp-content\/uploads\/2019\/03\/Eagle-One-front-black.png\" title=\"Eagle One front black\"><img loading=\"lazy\" decoding=\"async\" src=\"https:\/\/navigobyy.com\/wp-content\/uploads\/2019\/03\/Eagle-One-front-black-90x90.png\" alt=\"Eagle One front black\" width=\"90\" height=\"90\" title=\"\"><span class=\"su-custom-gallery-title\">Eagle One front black<\/span><\/a><\/div><div class=\"su-custom-gallery-slide\" style=\"width:90px;height:90px\"><a href=\"https:\/\/navigobyy.com\/wp-content\/uploads\/2019\/03\/Whie-Eagle-2018-www.navigobyy.com-n01.jpg\" title=\"Whie Eagle 2018 www.navigobyy.com n01\"><img loading=\"lazy\" decoding=\"async\" src=\"https:\/\/navigobyy.com\/wp-content\/uploads\/2019\/03\/Whie-Eagle-2018-www.navigobyy.com-n01-90x90.jpg\" alt=\"Whie Eagle 2018 www.navigobyy.com n01\" width=\"90\" height=\"90\" title=\"\"><span class=\"su-custom-gallery-title\">Whie Eagle 2018 www.navigobyy.com n01<\/span><\/a><\/div><div class=\"su-custom-gallery-slide\" style=\"width:90px;height:90px\"><a href=\"https:\/\/navigobyy.com\/wp-content\/uploads\/2019\/03\/Whie-Eagle-2018-www.navigobyy.com-n02.jpg\" title=\"Whie Eagle 2018 www.navigobyy.com n02\"><img loading=\"lazy\" decoding=\"async\" src=\"https:\/\/navigobyy.com\/wp-content\/uploads\/2019\/03\/Whie-Eagle-2018-www.navigobyy.com-n02-90x90.jpg\" alt=\"Whie Eagle 2018 www.navigobyy.com n02\" width=\"90\" height=\"90\" title=\"\"><span class=\"su-custom-gallery-title\">Whie Eagle 2018 www.navigobyy.com n02<\/span><\/a><\/div><div class=\"su-custom-gallery-slide\" style=\"width:90px;height:90px\"><a href=\"https:\/\/navigobyy.com\/wp-content\/uploads\/2019\/03\/Whie-Eagle-2018-www.navigobyy.com-n03.jpg\" title=\"Whie Eagle 2018 www.navigobyy.com n03\"><img loading=\"lazy\" decoding=\"async\" src=\"https:\/\/navigobyy.com\/wp-content\/uploads\/2019\/03\/Whie-Eagle-2018-www.navigobyy.com-n03-90x90.jpg\" alt=\"Whie Eagle 2018 www.navigobyy.com n03\" width=\"90\" height=\"90\" title=\"\"><span class=\"su-custom-gallery-title\">Whie Eagle 2018 www.navigobyy.com n03<\/span><\/a><\/div><div class=\"su-custom-gallery-slide\" style=\"width:90px;height:90px\"><a href=\"https:\/\/navigobyy.com\/wp-content\/uploads\/2019\/03\/Whie-Eagle-2018-www.navigobyy.com-n04.jpg\" title=\"Whie Eagle 2018 www.navigobyy.com n04\"><img loading=\"lazy\" decoding=\"async\" src=\"https:\/\/navigobyy.com\/wp-content\/uploads\/2019\/03\/Whie-Eagle-2018-www.navigobyy.com-n04-90x90.jpg\" alt=\"Whie Eagle 2018 www.navigobyy.com n04\" width=\"90\" height=\"90\" title=\"\"><span class=\"su-custom-gallery-title\">Whie Eagle 2018 www.navigobyy.com n04<\/span><\/a><\/div><div class=\"su-custom-gallery-slide\" style=\"width:90px;height:90px\"><a href=\"https:\/\/navigobyy.com\/wp-content\/uploads\/2019\/03\/Whie-Eagle-2018-www.navigobyy.com-n05.jpg\" title=\"Whie Eagle 2018 www.navigobyy.com n05\"><img loading=\"lazy\" decoding=\"async\" src=\"https:\/\/navigobyy.com\/wp-content\/uploads\/2019\/03\/Whie-Eagle-2018-www.navigobyy.com-n05-90x90.jpg\" alt=\"Whie Eagle 2018 www.navigobyy.com n05\" width=\"90\" height=\"90\" title=\"\"><span class=\"su-custom-gallery-title\">Whie Eagle 2018 www.navigobyy.com n05<\/span><\/a><\/div><div class=\"su-custom-gallery-slide\" style=\"width:90px;height:90px\"><a href=\"https:\/\/navigobyy.com\/wp-content\/uploads\/2019\/03\/Whie-Eagle-2018-www.navigobyy.com-n06.jpg\" title=\"Whie Eagle 2018 www.navigobyy.com n06\"><img loading=\"lazy\" decoding=\"async\" src=\"https:\/\/navigobyy.com\/wp-content\/uploads\/2019\/03\/Whie-Eagle-2018-www.navigobyy.com-n06-90x90.jpg\" alt=\"Whie Eagle 2018 www.navigobyy.com n06\" width=\"90\" height=\"90\" title=\"\"><span class=\"su-custom-gallery-title\">Whie Eagle 2018 www.navigobyy.com n06<\/span><\/a><\/div><div class=\"su-custom-gallery-slide\" style=\"width:90px;height:90px\"><a href=\"https:\/\/navigobyy.com\/wp-content\/uploads\/2019\/03\/Whie-Eagle-2018-www.navigobyy.com-n07.jpg\" title=\"Whie Eagle 2018 www.navigobyy.com n07\"><img loading=\"lazy\" decoding=\"async\" src=\"https:\/\/navigobyy.com\/wp-content\/uploads\/2019\/03\/Whie-Eagle-2018-www.navigobyy.com-n07-90x90.jpg\" alt=\"Whie Eagle 2018 www.navigobyy.com n07\" width=\"90\" height=\"90\" title=\"\"><span class=\"su-custom-gallery-title\">Whie Eagle 2018 www.navigobyy.com n07<\/span><\/a><\/div><div class=\"su-custom-gallery-slide\" style=\"width:90px;height:90px\"><a href=\"https:\/\/navigobyy.com\/wp-content\/uploads\/2019\/03\/Whie-Eagle-2018-www.navigobyy.com-n09.jpg\" title=\"Whie Eagle 2018 www.navigobyy.com n09\"><img loading=\"lazy\" decoding=\"async\" src=\"https:\/\/navigobyy.com\/wp-content\/uploads\/2019\/03\/Whie-Eagle-2018-www.navigobyy.com-n09-90x90.jpg\" alt=\"Whie Eagle 2018 www.navigobyy.com n09\" width=\"90\" height=\"90\" title=\"\"><span class=\"su-custom-gallery-title\">Whie Eagle 2018 www.navigobyy.com n09<\/span><\/a><\/div><div class=\"su-custom-gallery-slide\" style=\"width:90px;height:90px\"><a href=\"https:\/\/navigobyy.com\/wp-content\/uploads\/2019\/03\/Whie-Eagle-2018-www.navigobyy.com-n10.jpg\" title=\"Whie Eagle 2018 www.navigobyy.com n10\"><img loading=\"lazy\" decoding=\"async\" src=\"https:\/\/navigobyy.com\/wp-content\/uploads\/2019\/03\/Whie-Eagle-2018-www.navigobyy.com-n10-90x90.jpg\" alt=\"Whie Eagle 2018 www.navigobyy.com n10\" width=\"90\" height=\"90\" title=\"\"><span class=\"su-custom-gallery-title\">Whie Eagle 2018 www.navigobyy.com n10<\/span><\/a><\/div><div class=\"su-custom-gallery-slide\" style=\"width:90px;height:90px\"><a href=\"https:\/\/navigobyy.com\/wp-content\/uploads\/2019\/03\/Whie-Eagle-2018-www.navigobyy.com-n11.jpg\" title=\"Whie Eagle 2018 www.navigobyy.com n11\"><img loading=\"lazy\" decoding=\"async\" src=\"https:\/\/navigobyy.com\/wp-content\/uploads\/2019\/03\/Whie-Eagle-2018-www.navigobyy.com-n11-90x90.jpg\" alt=\"Whie Eagle 2018 www.navigobyy.com n11\" width=\"90\" height=\"90\" title=\"\"><span class=\"su-custom-gallery-title\">Whie Eagle 2018 www.navigobyy.com n11<\/span><\/a><\/div><div class=\"su-custom-gallery-slide\" style=\"width:90px;height:90px\"><a href=\"https:\/\/navigobyy.com\/wp-content\/uploads\/2019\/03\/Whie-Eagle-2018-www.navigobyy.com-n12.jpg\" title=\"Whie Eagle 2018 www.navigobyy.com n12\"><img loading=\"lazy\" decoding=\"async\" src=\"https:\/\/navigobyy.com\/wp-content\/uploads\/2019\/03\/Whie-Eagle-2018-www.navigobyy.com-n12-90x90.jpg\" alt=\"Whie Eagle 2018 www.navigobyy.com n12\" width=\"90\" height=\"90\" title=\"\"><span class=\"su-custom-gallery-title\">Whie Eagle 2018 www.navigobyy.com n12<\/span><\/a><\/div><div class=\"su-custom-gallery-slide\" style=\"width:90px;height:90px\"><a href=\"https:\/\/navigobyy.com\/wp-content\/uploads\/2019\/03\/Whie-Eagle-2018-www.navigobyy.com-n13.jpg\" title=\"Whie Eagle 2018 www.navigobyy.com n13\"><img loading=\"lazy\" decoding=\"async\" src=\"https:\/\/navigobyy.com\/wp-content\/uploads\/2019\/03\/Whie-Eagle-2018-www.navigobyy.com-n13-90x90.jpg\" alt=\"Whie Eagle 2018 www.navigobyy.com n13\" width=\"90\" height=\"90\" title=\"\"><span class=\"su-custom-gallery-title\">Whie Eagle 2018 www.navigobyy.com n13<\/span><\/a><\/div><div class=\"su-clear\"><\/div><\/div>\n<div class=\"row\"  id=\"row-1061890362\">\n\n\t<div id=\"col-1486177937\" class=\"col medium-1\/2 large-6\"  >\n\t\t\t\t<div class=\"col-inner\"  >\n\t\t\t\n\t\t\t\n<h3><strong>Technical data:<\/strong><\/h3>\n<div class=\"is-divider divider clearfix\" ><\/div>\n<p><span title=\"D\u0142ugo\u015b\u0107: 6.6 m \">Length: 6,30 m<br \/>\nWidth: 2,14 m<br \/>\nDraft: 0,29 m<br \/>\nEngine: Mercury F80 ELPT EFI<br \/>\n<\/span><span title=\"Moc silnika: 260-270 KM \">Engine power: 80 HP<br \/>\n<span title=\"Zbiornik wody: 40 l \">Motohours of engine: 141 h<\/span><br \/>\n<\/span><span title=\"Masa: ok.1656 kg \">Weight: <span title=\"Zanurzenie min\/maks: 0.59\/0.89 m \">1590 kg<\/span><\/span><span title=\"Zbiornik wody: 40 l \"><br \/>\n<\/span><\/p>\n\t\t<\/div>\n\t\t\t\t\t<\/div>\n\n\t\n\n\t<div id=\"col-762970053\" class=\"col medium-1\/2 large-6\"  >\n\t\t\t\t<div class=\"col-inner\"  >\n\t\t\t\n\t\t\t\n<h3><strong>Equipment:<\/strong><\/h3>\n<div class=\"is-divider divider clearfix\" ><\/div>\n<p>Sleeping cabin for 2 people<br \/>\nFull navigation system<br \/>\nOn-board computer<br \/>\nGPS<br \/>\nTarpaulin<br \/>\nCanvas cover<br \/>\nRadio<br \/>\nDouble underwater paint coating<br \/>\nFront glass<br \/>\nFront passenger seat<br \/>\nFire extinguisher<br \/>\nMooring ropes<br \/>\nRseat<br \/>\nStern transom<br \/>\nLand connection<br \/>\nReverse gear<br \/>\nFuel gauge<br \/>\nVoltmeter<br \/>\nBow reflector<br \/>\nTachometer<br \/>\nAnchor<br \/>\nBuilt-in bak<br \/>\nSpeedometer<br \/>\nHydraulic control of the engine up to 150kM LS150PRO<br \/>\nAnalogue clocks MERCURY<br \/>\nMODULE-MERCURY GATEWAY MULTI engine communication module<br \/>\nMulti-touch chart plotter with built-in sounder, GPS and NMEA2000INTERFACE brand SIMRAD GO7 7 &#8221;<br \/>\nRadio DVD \/ CD Player FUSION MS-UD750 with a phone docking station<br \/>\nSpeakers 4 x 6 &#8220;MARINE 2-WAY SPEAKERS MS-FR6021 200WATTS<br \/>\n2 x USB port with a power converter (5V \/ 5A power supply)<br \/>\nBattery Silver Dynamic AGM D52 12V 60Ah bootable<br \/>\nBattery Silver Dynamic AGM H15 12V 105Ah power on-board equipment<br \/>\nElectronic battery charger CTEK type MXS 10 12V \/ 10A<br \/>\nElectronic battery charger CTEK type MXS 5.0 12V \/ 5A<br \/>\n2 x VICTRON ENERGY BMV700 battery level indicator<br \/>\nBattery priority relay Cyrix-ct 12 \/ 24V-120A from VICTRON ENERGY<br \/>\n2 x battery disconnector<br \/>\nVoltage inverter PHOENIX INVERTER 12 \/ 350-230V-SCHUKO 12V \/ 230V by VICTRON ENERGY<br \/>\nTable with automatic fuses<br \/>\nExternal power socket Marinco SS 16-30A + Marinco cable + 30A plug 15mb<br \/>\n1 x 230V socket<br \/>\nBilge pump SEAFLO type SFBP1-G750-06<br \/>\nFuel tank type EKO-WE-ZB1<br \/>\nRefrigerator Waeco CD-020 12V<br \/>\n3-step folding ladder<br \/>\nCleats<br \/>\nHalf-fairlead<br \/>\nvents<br \/>\nOSCULATI fuel fill<\/p>\n\t\t<\/div>\n\t\t\t\t\t<\/div>\n\n\t\n<\/div>\n","protected":false},"excerpt":{"rendered":"<p>EAGLE ONE \u2013 6.3 m Cuddy Cabin with Mercury F80 engine, SIMRAD chartplotter, FUSION audio, sleeping for 2\u20133, and premium tech gear. Ready for cruising. Recreational motor yacht with a planing hull, ideal for 2 adults and a child. Equipped with a Mercury F80 outboard, SIMRAD GPS, FUSION audio with DVD and USB ports, refrigerator, [&#8230;]\n","protected":false},"featured_media":28542,"template":"","meta":{"_monsterinsights_skip_tracking":false,"_monsterinsights_sitenote_active":false,"_monsterinsights_sitenote_note":"","_monsterinsights_sitenote_category":0},"product_brand":[],"product_cat":[94,2250],"product_tag":[],"class_list":{"0":"post-13017","1":"product","2":"type-product","3":"status-publish","4":"has-post-thumbnail","6":"product_cat-boats-for-sale","7":"product_cat-brokerage","8":"pa_boat-type-motorboat","9":"pa_brand-white-eagle","10":"pa_condition-new","11":"pa_construction-year-85","12":"pa_hull-material-wood","13":"pa_length-6-30-2","14":"pa_model-eagle-one","15":"pa_mooring-location-poland","16":"pa_status-vat-vat-not-paid","17":"pa_status-vat-vat-invoice","19":"first","20":"instock","21":"sale","22":"shipping-taxable","23":"purchasable","24":"product-type-simple"},"_links":{"self":[{"href":"https:\/\/navigobyy.com\/en\/wp-json\/wp\/v2\/product\/13017","targetHints":{"allow":["GET"]}}],"collection":[{"href":"https:\/\/navigobyy.com\/en\/wp-json\/wp\/v2\/product"}],"about":[{"href":"https:\/\/navigobyy.com\/en\/wp-json\/wp\/v2\/types\/product"}],"wp:featuredmedia":[{"embeddable":true,"href":"https:\/\/navigobyy.com\/en\/wp-json\/wp\/v2\/media\/28542"}],"wp:attachment":[{"href":"https:\/\/navigobyy.com\/en\/wp-json\/wp\/v2\/media?parent=13017"}],"wp:term":[{"taxonomy":"product_brand","embeddable":true,"href":"https:\/\/navigobyy.com\/en\/wp-json\/wp\/v2\/product_brand?post=13017"},{"taxonomy":"product_cat","embeddable":true,"href":"https:\/\/navigobyy.com\/en\/wp-json\/wp\/v2\/product_cat?post=13017"},{"taxonomy":"product_tag","embeddable":true,"href":"https:\/\/navigobyy.com\/en\/wp-json\/wp\/v2\/product_tag?post=13017"}],"curies":[{"name":"wp","href":"https:\/\/api.w.org\/{rel}","templated":true}]}}